{"id":6,"date":"2024-06-05T15:24:14","date_gmt":"2024-06-05T13:24:14","guid":{"rendered":"https:\/\/louisdebonnecaze.io\/?page_id=6"},"modified":"2024-09-13T09:48:13","modified_gmt":"2024-09-13T07:48:13","slug":"elementor-6","status":"publish","type":"page","link":"https:\/\/louisdebonnecaze.io\/fr\/","title":{"rendered":"Wine Investment Guide"},"content":{"rendered":"<div data-elementor-type=\"wp-post\" data-elementor-id=\"6\" class=\"elementor elementor-6\" data-elementor-post-type=\"page\">\n\t\t\t\t<div class=\"elementor-element elementor-element-979b887 e-flex e-con-boxed e-con e-parent\" data-id=\"979b887\" data-element_type=\"container\">\n\t\t\t\t\t<div class=\"e-con-inner\">\n\t\t\t\t<div class=\"elementor-element elementor-element-a25f81a elementor-widget elementor-widget-image\" data-id=\"a25f81a\" data-element_type=\"widget\" data-widget_type=\"image.default\">\n\t\t\t\t<div class=\"elementor-widget-container\">\n\t\t\t\t\t\t\t\t\t\t\t\t\t\t\t<img fetchpriority=\"high\" decoding=\"async\" width=\"1024\" height=\"183\" src=\"https:\/\/louisdebonnecaze.io\/wp-content\/uploads\/2024\/10\/banner-guide-vin-louis.png\" class=\"attachment-large size-large wp-image-118\" alt=\"\" srcset=\"https:\/\/louisdebonnecaze.io\/wp-content\/uploads\/2024\/10\/banner-guide-vin-louis.png 2048w, https:\/\/louisdebonnecaze.io\/wp-content\/uploads\/2024\/10\/banner-guide-vin-louis-300x54.png 300w, https:\/\/louisdebonnecaze.io\/wp-content\/uploads\/2024\/10\/banner-guide-vin-louis-1024x183.png 1024w, https:\/\/louisdebonnecaze.io\/wp-content\/uploads\/2024\/10\/banner-guide-vin-louis-768x137.png 768w, https:\/\/louisdebonnecaze.io\/wp-content\/uploads\/2024\/10\/banner-guide-vin-louis-1536x275.png 1536w, https:\/\/louisdebonnecaze.io\/wp-content\/uploads\/2024\/10\/banner-guide-vin-louis-18x3.png 18w\" sizes=\"(max-width: 1024px) 100vw, 1024px\" \/>\t\t\t\t\t\t\t\t\t\t\t\t\t\t\t<\/div>\n\t\t\t\t<\/div>\n\t\t\t\t\t<\/div>\n\t\t\t\t<\/div>\n\t\t<div class=\"elementor-element elementor-element-771a4ee e-con-full e-flex e-con e-parent\" data-id=\"771a4ee\" data-element_type=\"container\" data-settings=\"{&quot;background_background&quot;:&quot;classic&quot;}\">\n\t\t<div class=\"elementor-element elementor-element-6f83a80 e-con-full e-flex e-con e-child\" data-id=\"6f83a80\" data-element_type=\"container\">\n\t\t\t\t<div class=\"elementor-element elementor-element-0b19f39 animated-slow elementor-invisible elementor-widget elementor-widget-image\" data-id=\"0b19f39\" data-element_type=\"widget\" data-settings=\"{&quot;motion_fx_motion_fx_scrolling&quot;:&quot;yes&quot;,&quot;motion_fx_scale_effect&quot;:&quot;yes&quot;,&quot;motion_fx_scale_speed&quot;:{&quot;unit&quot;:&quot;px&quot;,&quot;size&quot;:2,&quot;sizes&quot;:[]},&quot;motion_fx_scale_range&quot;:{&quot;unit&quot;:&quot;%&quot;,&quot;size&quot;:&quot;&quot;,&quot;sizes&quot;:{&quot;start&quot;:31,&quot;end&quot;:100}},&quot;_animation&quot;:&quot;pulse&quot;,&quot;motion_fx_scale_direction&quot;:&quot;out-in&quot;,&quot;motion_fx_devices&quot;:[&quot;desktop&quot;,&quot;tablet&quot;,&quot;mobile&quot;]}\" data-widget_type=\"image.default\">\n\t\t\t\t<div class=\"elementor-widget-container\">\n\t\t\t\t\t\t\t\t\t\t\t\t\t\t\t<img decoding=\"async\" width=\"1024\" height=\"683\" src=\"https:\/\/louisdebonnecaze.io\/wp-content\/uploads\/2024\/06\/MOCKUP_GUIDEv4-1024x683.jpg\" class=\"attachment-large size-large wp-image-189\" alt=\"\" srcset=\"https:\/\/louisdebonnecaze.io\/wp-content\/uploads\/2024\/06\/MOCKUP_GUIDEv4-1024x683.jpg 1024w, https:\/\/louisdebonnecaze.io\/wp-content\/uploads\/2024\/06\/MOCKUP_GUIDEv4-300x200.jpg 300w, https:\/\/louisdebonnecaze.io\/wp-content\/uploads\/2024\/06\/MOCKUP_GUIDEv4-768x512.jpg 768w, https:\/\/louisdebonnecaze.io\/wp-content\/uploads\/2024\/06\/MOCKUP_GUIDEv4-1536x1024.jpg 1536w, https:\/\/louisdebonnecaze.io\/wp-content\/uploads\/2024\/06\/MOCKUP_GUIDEv4-2048x1365.jpg 2048w\" sizes=\"(max-width: 1024px) 100vw, 1024px\" \/>\t\t\t\t\t\t\t\t\t\t\t\t\t\t\t<\/div>\n\t\t\t\t<\/div>\n\t\t\t\t<\/div>\n\t\t<div class=\"elementor-element elementor-element-8474091 e-con-full e-flex e-con e-child\" data-id=\"8474091\" data-element_type=\"container\">\n\t\t\t\t<div class=\"elementor-element elementor-element-19f0516 elementor-widget elementor-widget-heading\" data-id=\"19f0516\" data-element_type=\"widget\" data-widget_type=\"heading.default\">\n\t\t\t\t<div class=\"elementor-widget-container\">\n\t\t\t\t\t<h3 class=\"elementor-heading-title elementor-size-default\">Obtenez votre guide avant qu\u2019il ne soit trop tard.<\/h3>\t\t\t\t<\/div>\n\t\t\t\t<\/div>\n\t\t\t\t<div class=\"elementor-element elementor-element-d9077dc elementor-countdown--label-block elementor-widget elementor-widget-countdown\" data-id=\"d9077dc\" data-element_type=\"widget\" data-widget_type=\"countdown.default\">\n\t\t\t\t<div class=\"elementor-widget-container\">\n\t\t\t\t\t\t\t<div data-evergreen-interval=\"10740\" class=\"elementor-countdown-wrapper\" data-date=\"\">\n\t\t\t<div class=\"elementor-countdown-item\"><span class=\"elementor-countdown-digits elementor-countdown-hours\"><\/span> <span class=\"elementor-countdown-label\">Hours<\/span><\/div><div class=\"elementor-countdown-item\"><span class=\"elementor-countdown-digits elementor-countdown-minutes\"><\/span> <span class=\"elementor-countdown-label\">Minutes<\/span><\/div><div class=\"elementor-countdown-item\"><span class=\"elementor-countdown-digits elementor-countdown-seconds\"><\/span> <span class=\"elementor-countdown-label\">Secondes<\/span><\/div>\t\t<\/div>\n\t\t\t\t\t\t<\/div>\n\t\t\t\t<\/div>\n\t\t\t\t<div class=\"elementor-element elementor-element-3c736ae elementor-button-align-stretch elementor-widget elementor-widget-form\" data-id=\"3c736ae\" data-element_type=\"widget\" data-settings=\"{&quot;step_next_label&quot;:&quot;Next&quot;,&quot;step_previous_label&quot;:&quot;Previous&quot;,&quot;button_width&quot;:&quot;100&quot;,&quot;step_type&quot;:&quot;number_text&quot;,&quot;step_icon_shape&quot;:&quot;circle&quot;}\" data-widget_type=\"form.default\">\n\t\t\t\t<div class=\"elementor-widget-container\">\n\t\t\t\t\t\t\t<form class=\"elementor-form\" method=\"post\" name=\"New Form\" aria-label=\"New Form\" action=\"\">\n\t\t\t<input type=\"hidden\" name=\"post_id\" value=\"6\"\/>\n\t\t\t<input type=\"hidden\" name=\"form_id\" value=\"3c736ae\"\/>\n\t\t\t<input type=\"hidden\" name=\"referer_title\" value=\"\" \/>\n\n\t\t\t\t\t\t\t<input type=\"hidden\" name=\"queried_id\" value=\"6\"\/>\n\t\t\t\n\t\t\t<div class=\"elementor-form-fields-wrapper elementor-labels-above\">\n\t\t\t\t\t\t\t\t<div class=\"elementor-field-type-email elementor-field-group elementor-column elementor-field-group-email elementor-col-100\">\n\t\t\t\t\t\t\t\t\t\t\t\t<label for=\"form-field-email\" class=\"elementor-field-label\">\n\t\t\t\t\t\t\t\tEntrez votre adresse e-mail pour recevoir le guide gratuitement.*\t\t\t\t\t\t\t<\/label>\n\t\t\t\t\t\t\t\t\t\t\t\t\t\t<input size=\"1\" type=\"email\" name=\"form_fields[email]\" id=\"form-field-email\" class=\"elementor-field elementor-size-sm  elementor-field-textual\" placeholder=\"Your email\">\n\t\t\t\t\t\t\t\t\t\t\t<\/div>\n\t\t\t\t\t\t\t\t<div class=\"elementor-field-type-checkbox elementor-field-group elementor-column elementor-field-group-field_a7be50c elementor-col-100\">\n\t\t\t\t\t<div class=\"elementor-field-subgroup\"><span class=\"elementor-field-option\"><input type=\"checkbox\" value=\"I agree to receive emails from Louis and InterCellar and confirm that I have read your privacy policy and legal notices.\" id=\"form-field-field_a7be50c-0\" name=\"form_fields[field_a7be50c]\"> <label for=\"form-field-field_a7be50c-0\">J\u2019accepte de recevoir des e-mails de la part de Louis et d\u2019InterCellar et confirme que j\u2019ai lu votre politique de confidentialit\u00e9 et vos mentions l\u00e9gales.<\/label><\/span><\/div>\t\t\t\t<\/div>\n\t\t\t\t\t\t\t\t<div class=\"elementor-field-group elementor-column elementor-field-type-submit elementor-col-100 e-form__buttons\">\n\t\t\t\t\t<button class=\"elementor-button elementor-size-sm elementor-animation-shrink\" type=\"submit\">\n\t\t\t\t\t\t<span class=\"elementor-button-content-wrapper\">\n\t\t\t\t\t\t\t\t\t\t\t\t\t\t\t\t\t\t\t\t\t\t<span class=\"elementor-button-text\">T\u00e9l\u00e9chargez le guide<\/span>\n\t\t\t\t\t\t\t\t\t\t\t\t\t<\/span>\n\t\t\t\t\t<\/button>\n\t\t\t\t<\/div>\n\t\t\t<\/div>\n\t\t<input type=\"hidden\" name=\"trp-form-language\" value=\"fr\"\/><\/form>\n\t\t\t\t\t\t<\/div>\n\t\t\t\t<\/div>\n\t\t\t\t<\/div>\n\t\t\t\t<\/div>\n\t\t<div class=\"elementor-element elementor-element-1c7dffc e-flex e-con-boxed e-con e-parent\" data-id=\"1c7dffc\" data-element_type=\"container\">\n\t\t\t\t\t<div class=\"e-con-inner\">\n\t\t\t\t<div class=\"elementor-element elementor-element-fadf3ef elementor-widget elementor-widget-html\" data-id=\"fadf3ef\" data-element_type=\"widget\" data-widget_type=\"html.default\">\n\t\t\t\t<div class=\"elementor-widget-container\">\n\t\t\t\t\t<script>\njQuery(document).ready(function($) {\nvar delay = 100; setTimeout(function() {\n$('.elementor-tab-title').removeClass('elementor-active');\n $('.elementor-tab-content').css('display', 'none'); }, delay);\n});\n<\/script>\t\t\t\t<\/div>\n\t\t\t\t<\/div>\n\t\t\t\t<div class=\"elementor-element elementor-element-4892019 elementor-widget elementor-widget-accordion\" data-id=\"4892019\" data-element_type=\"widget\" data-widget_type=\"accordion.default\">\n\t\t\t\t<div class=\"elementor-widget-container\">\n\t\t\t\t\t\t\t<div class=\"elementor-accordion\">\n\t\t\t\t\t\t\t<div class=\"elementor-accordion-item\">\n\t\t\t\t\t<div id=\"elementor-tab-title-7601\" class=\"elementor-tab-title\" data-tab=\"1\" role=\"button\" aria-controls=\"elementor-tab-content-7601\" aria-expanded=\"false\">\n\t\t\t\t\t\t\t\t\t\t\t\t\t<span class=\"elementor-accordion-icon elementor-accordion-icon-left\" aria-hidden=\"true\">\n\t\t\t\t\t\t\t\t\t\t\t\t\t\t\t<span class=\"elementor-accordion-icon-closed\"><svg class=\"e-font-icon-svg e-fas-caret-down\" viewbox=\"0 0 320 512\" xmlns=\"http:\/\/www.w3.org\/2000\/svg\"><path d=\"M31.3 192h257.3c17.8 0 26.7 21.5 14.1 34.1L174.1 354.8c-7.8 7.8-20.5 7.8-28.3 0L17.2 226.1C4.6 213.5 13.5 192 31.3 192z\"><\/path><\/svg><\/span>\n\t\t\t\t\t\t\t\t<span class=\"elementor-accordion-icon-opened\"><svg class=\"e-font-icon-svg e-fas-caret-up\" viewbox=\"0 0 320 512\" xmlns=\"http:\/\/www.w3.org\/2000\/svg\"><path d=\"M288.662 352H31.338c-17.818 0-26.741-21.543-14.142-34.142l128.662-128.662c7.81-7.81 20.474-7.81 28.284 0l128.662 128.662c12.6 12.599 3.676 34.142-14.142 34.142z\"><\/path><\/svg><\/span>\n\t\t\t\t\t\t\t\t\t\t\t\t\t\t<\/span>\n\t\t\t\t\t\t\t\t\t\t\t\t<a class=\"elementor-accordion-title\" tabindex=\"0\">Politique de confidentialit\u00e9 &amp; mentions l\u00e9gales<\/a>\n\t\t\t\t\t<\/div>\n\t\t\t\t\t<div id=\"elementor-tab-content-7601\" class=\"elementor-tab-content elementor-clearfix\" data-tab=\"1\" role=\"region\" aria-labelledby=\"elementor-tab-title-7601\"><p><b>1. Introduction<\/b><\/p><p>Ce document d\u00e9taille comment les informations personnelles sont collect\u00e9es, utilis\u00e9es et prot\u00e9g\u00e9es lorsque vous t\u00e9l\u00e9chargez le guide \u00ab Cl\u00e9s pour Construire Votre Cave \u00e0 Vins Fins \u00bb propos\u00e9 par Louis de Bonnecaze. Ce guide s\u2019adresse aux personnes int\u00e9ress\u00e9es par l\u2019investissement dans, ou la consommation de, vins et spiritueux haut de gamme.<\/p><p><b>2.\tResponsable du traitement des donn\u00e9es<\/b><\/p><p>Les responsables du traitement des donn\u00e9es personnelles collect\u00e9es sont Louis de Bonnecaze, en tant que personne physique, et InterCellar, situ\u00e9 au 7 rue Pablo Neruda, Levallois-Perret. Ces deux entit\u00e9s collaborent pour g\u00e9rer et utiliser vos donn\u00e9es conform\u00e9ment \u00e0 cette politique.<\/p><p><b>3. Donn\u00e9es collect\u00e9es<\/b><\/p><p>Nous collectons uniquement votre adresse e-mail afin de vous envoyer des communications relatives \u00e0 l\u2019investissement dans les vins et spiritueux haut de gamme.<\/p><p><b>4. Finalit\u00e9 de la collecte<\/b><\/p><p>Votre adresse e-mail est utilis\u00e9e pour vous envoyer des informations et des offres personnalis\u00e9es concernant les produits et services li\u00e9s aux vins et spiritueux de haute qualit\u00e9, ainsi que des conseils pour enrichir votre cave.<\/p><p><b>5. Base l\u00e9gale<\/b><\/p><p>Le traitement de votre adresse e-mail est fond\u00e9 sur votre consentement explicite, que vous donnez en soumettant votre adresse e-mail pour t\u00e9l\u00e9charger notre guide.<\/p><p><b>6. Dur\u00e9e de conservation<\/b><\/p><p>Nous conservons votre adresse e-mail jusqu\u2019\u00e0 ce que vous d\u00e9cidiez de vous d\u00e9sabonner de nos communications.<\/p><p><b>7. Vos droits<\/b><\/p><p>Conform\u00e9ment au RGPD, vous disposez des droits suivants concernant vos donn\u00e9es personnelles : le droit d\u2019acc\u00e8s, de rectification, d\u2019effacement, de limitation du traitement, de portabilit\u00e9 des donn\u00e9es, ainsi que le droit de retirer votre consentement \u00e0 tout moment. Vous avez \u00e9galement le droit de d\u00e9poser une plainte aupr\u00e8s d\u2019une autorit\u00e9 de contr\u00f4le.<\/p><p><b>8. Proc\u00e9dure de d\u00e9sinscription<\/b><\/p><p>Si vous ne souhaitez plus recevoir nos communications, vous pouvez vous d\u00e9sabonner \u00e0 tout moment en utilisant le lien de d\u00e9sinscription inclus dans chacun de nos e-mails.<\/p><p><b>9. S\u00e9curit\u00e9 des donn\u00e9es<\/b><\/p><p>Nous prenons des mesures techniques et organisationnelles appropri\u00e9es pour prot\u00e9ger vos donn\u00e9es personnelles contre la perte, le vol, l\u2019acc\u00e8s non autoris\u00e9, la divulgation, la copie, l\u2019utilisation ou la modification.<\/p><p><b>10. Partage des donn\u00e9es<\/b><\/p><p>Vos donn\u00e9es personnelles sont exclusivement trait\u00e9es par Louis de Bonnecaze et InterCellar, et ne sont pas partag\u00e9es avec des tiers en dehors de ces entit\u00e9s.<\/p><p><b>11. Transferts internationaux<\/b><\/p><p>Nous ne transf\u00e9rons pas vos donn\u00e9es personnelles en dehors de l\u2019Union europ\u00e9enne.<\/p><p><b>12. Modifications de la politique de confidentialit\u00e9<\/b><\/p><p>Nous nous r\u00e9servons le droit de modifier cette politique de confidentialit\u00e9 \u00e0 tout moment. Nous vous encourageons \u00e0 la consulter r\u00e9guli\u00e8rement pour rester inform\u00e9 de tout changement.<\/p><\/div>\n\t\t\t\t<\/div>\n\t\t\t\t\t\t\t\t<\/div>\n\t\t\t\t\t\t<\/div>\n\t\t\t\t<\/div>\n\t\t\t\t\t<\/div>\n\t\t\t\t<\/div>\n\t\t\t\t<\/div>","protected":false},"excerpt":{"rendered":"<p>Get your guide now before it&#8217;s too late Hours Minutes Seconds Privacy policy &#038; legal notices 1. Introduction This document details how personal information is collected, used, and protected when you download the guide \u201cKeys to Building Your Fine Wine Cellar\u201d offered by Louis de Bonnecaze. This guide is aimed at individuals interested in investing [&hellip;]<\/p>","protected":false},"author":1,"featured_media":0,"parent":0,"menu_order":0,"comment_status":"closed","ping_status":"closed","template":"elementor_canvas","meta":{"_monsterinsights_skip_tracking":false,"_monsterinsights_sitenote_active":false,"_monsterinsights_sitenote_note":"","_monsterinsights_sitenote_category":0,"footnotes":""},"class_list":["post-6","page","type-page","status-publish","hentry"],"_links":{"self":[{"href":"https:\/\/louisdebonnecaze.io\/fr\/wp-json\/wp\/v2\/pages\/6","targetHints":{"allow":["GET"]}}],"collection":[{"href":"https:\/\/louisdebonnecaze.io\/fr\/wp-json\/wp\/v2\/pages"}],"about":[{"href":"https:\/\/louisdebonnecaze.io\/fr\/wp-json\/wp\/v2\/types\/page"}],"author":[{"embeddable":true,"href":"https:\/\/louisdebonnecaze.io\/fr\/wp-json\/wp\/v2\/users\/1"}],"replies":[{"embeddable":true,"href":"https:\/\/louisdebonnecaze.io\/fr\/wp-json\/wp\/v2\/comments?post=6"}],"version-history":[{"count":164,"href":"https:\/\/louisdebonnecaze.io\/fr\/wp-json\/wp\/v2\/pages\/6\/revisions"}],"predecessor-version":[{"id":390,"href":"https:\/\/louisdebonnecaze.io\/fr\/wp-json\/wp\/v2\/pages\/6\/revisions\/390"}],"wp:attachment":[{"href":"https:\/\/louisdebonnecaze.io\/fr\/wp-json\/wp\/v2\/media?parent=6"}],"curies":[{"name":"wp","href":"https:\/\/api.w.org\/{rel}","templated":true}]}}